{"id":1882,"date":"2022-11-11T21:53:32","date_gmt":"2022-11-11T21:53:32","guid":{"rendered":"https:\/\/lahosteriaaqp.com\/?page_id=1882"},"modified":"2025-09-17T21:17:28","modified_gmt":"2025-09-17T21:17:28","slug":"reservas","status":"publish","type":"page","link":"https:\/\/lahosteriaaqp.com\/en\/reservas\/","title":{"rendered":"Bookings"},"content":{"rendered":"<p>[et_pb_section fb_built=\u00bb1&#8243; _builder_version=\u00bb4.17.0&#8243; _module_preset=\u00bbdefault\u00bb background_image=\u00bbhttps:\/\/lahosteriaaqp.com\/wp-content\/uploads\/2022\/04\/banner-nosotros-RESPONSIVE.jpg\u00bb custom_padding=\u00bb0px||0px||true|false\u00bb custom_css_main_element=\u00bbheight:92vh;\u00bb da_disable_devices=\u00bboff|off|off\u00bb locked=\u00bboff\u00bb global_colors_info=\u00bb{}\u00bb da_is_popup=\u00bboff\u00bb da_exit_intent=\u00bboff\u00bb da_has_close=\u00bbon\u00bb da_alt_close=\u00bboff\u00bb da_dark_close=\u00bboff\u00bb da_not_modal=\u00bbon\u00bb da_is_singular=\u00bboff\u00bb da_with_loader=\u00bboff\u00bb da_has_shadow=\u00bbon\u00bb][et_pb_row use_custom_gutter=\u00bbon\u00bb make_equal=\u00bbon\u00bb _builder_version=\u00bb4.17.0&#8243; _module_preset=\u00bbdefault\u00bb custom_margin=\u00bb0px||0px||true|false\u00bb custom_padding=\u00bb8%||||false|false\u00bb custom_css_main_element=\u00bbdisplay:flex;||align-items:center;||height:92vh;\u00bb collapsed=\u00bbon\u00bb global_colors_info=\u00bb{}\u00bb][et_pb_column type=\u00bb4_4&#8243; _builder_version=\u00bb4.17.0&#8243; _module_preset=\u00bbdefault\u00bb global_colors_info=\u00bb{}\u00bb][et_pb_text _builder_version=\u00bb4.18.0&#8243; _module_preset=\u00bbdefault\u00bb header_text_color=\u00bb#FFFFFF\u00bb header_font_size=\u00bb50px\u00bb global_colors_info=\u00bb{}\u00bb]<\/p>\n<h1 style=\"text-align: center;\">Bookings<\/h1>\n<p>[\/et_pb_text][\/et_pb_column][\/et_pb_row][\/et_pb_section][et_pb_section fb_built=\u00bb1&#8243; _builder_version=\u00bb4.17.1&#8243; _module_preset=\u00bbdefault\u00bb background_color=\u00bbRGBA(255,255,255,0)\u00bb da_disable_devices=\u00bboff|off|off\u00bb global_colors_info=\u00bb{}\u00bb da_is_popup=\u00bboff\u00bb da_exit_intent=\u00bboff\u00bb da_has_close=\u00bbon\u00bb da_alt_close=\u00bboff\u00bb da_dark_close=\u00bboff\u00bb da_not_modal=\u00bbon\u00bb da_is_singular=\u00bboff\u00bb da_with_loader=\u00bboff\u00bb da_has_shadow=\u00bbon\u00bb][et_pb_row _builder_version=\u00bb4.17.3&#8243; _module_preset=\u00bbdefault\u00bb background_color=\u00bbRGBA(255,255,255,0)\u00bb custom_padding=\u00bb|2%||2%|false|true\u00bb border_width_all=\u00bb2px\u00bb border_color_all=\u00bb#bd9b75&#8243; locked=\u00bboff\u00bb global_colors_info=\u00bb{}\u00bb][et_pb_column type=\u00bb4_4&#8243; _builder_version=\u00bb4.17.3&#8243; _module_preset=\u00bbdefault\u00bb global_colors_info=\u00bb{}\u00bb][et_pb_text _builder_version=\u00bb4.17.3&#8243; _module_preset=\u00bbdefault\u00bb global_colors_info=\u00bb{}\u00bb]<\/p>\n<p class=\"nd_options_first_font\">Todas las tarifas est\u00e1n en d\u00f3lares e incluyen desayuno a la carta. El Impuesto General a las Ventas (IGV) del 18% no est\u00e1 incluido. Este impuesto se aplica a peruanos o extranjeros con m\u00e1s de 60 d\u00edas consecutivos en el Per\u00fa. Los visitantes extranjeros con menos de 60 d\u00edas de estad\u00eda y los peruanos que residan fuera del Per\u00fa pueden recuperar ese impuesto presentando la Tarjeta Andina de Migraci\u00f3n (TAM) sellada en Aduanas en el momento del check in en el hotel. Adem\u00e1s de su pasaporte original con el sello de Migraciones.<\/p>\n<p class=\"nd_options_first_font\"><span style=\"color: #ff0000;\"><strong>*Las personas domiciliadas en Per\u00fa estar\u00e1n sujetas al pago del 18% de IGV.<\/strong><\/span><\/p>\n<p>[\/et_pb_text][\/et_pb_column][\/et_pb_row][et_pb_row _builder_version=\u00bb4.17.3&#8243; _module_preset=\u00bbdefault\u00bb background_color=\u00bbRGBA(255,255,255,0)\u00bb custom_padding=\u00bb|2%||2%|false|true\u00bb locked=\u00bboff\u00bb global_colors_info=\u00bb{}\u00bb][et_pb_column type=\u00bb4_4&#8243; _builder_version=\u00bb4.17.3&#8243; _module_preset=\u00bbdefault\u00bb global_colors_info=\u00bb{}\u00bb][mphb-divi-availability-search adults=\u00bb1&#8243; form_style=\u00bbhorizontal-center\u00bb _builder_version=\u00bb4.18.0&#8243; _module_preset=\u00bbdefault\u00bb module_text_align=\u00bbleft\u00bb module_font_size=\u00bb13px\u00bb module_line_height=\u00bb1.8em\u00bb background_color=\u00bb#fcfaf2&#8243; text_orientation=\u00bbleft\u00bb module_alignment=\u00bbright\u00bb custom_padding=\u00bb2%|3%|2%|3%|true|true\u00bb border_color_all=\u00bb#000000&#8243; global_colors_info=\u00bb{}\u00bb theme_builder_area=\u00bbpost_content\u00bb _i=\u00bb0&#8243; _address=\u00bb1.1.0.0&#8243; \/][\/et_pb_column][\/et_pb_row][\/et_pb_section]<\/p>","protected":false},"excerpt":{"rendered":"<p>ReservasTodas las tarifas est\u00e1n en d\u00f3lares e incluyen desayuno a la carta. El Impuesto General a las Ventas (IGV) del 18% no est\u00e1 incluido. Este impuesto se aplica a peruanos o extranjeros con m\u00e1s de 60 d\u00edas consecutivos en el Per\u00fa. Los visitantes extranjeros con menos de 60 d\u00edas de estad\u00eda y los peruanos que [&hellip;]<\/p>","protected":false},"author":1,"featured_media":0,"parent":0,"menu_order":0,"comment_status":"closed","ping_status":"closed","template":"","meta":{"_et_pb_use_builder":"on","_et_pb_old_content":"","_et_gb_content_width":"","footnotes":""},"class_list":["post-1882","page","type-page","status-publish","hentry"],"_links":{"self":[{"href":"https:\/\/lahosteriaaqp.com\/en\/wp-json\/wp\/v2\/pages\/1882","targetHints":{"allow":["GET"]}}],"collection":[{"href":"https:\/\/lahosteriaaqp.com\/en\/wp-json\/wp\/v2\/pages"}],"about":[{"href":"https:\/\/lahosteriaaqp.com\/en\/wp-json\/wp\/v2\/types\/page"}],"author":[{"embeddable":true,"href":"https:\/\/lahosteriaaqp.com\/en\/wp-json\/wp\/v2\/users\/1"}],"replies":[{"embeddable":true,"href":"https:\/\/lahosteriaaqp.com\/en\/wp-json\/wp\/v2\/comments?post=1882"}],"version-history":[{"count":5,"href":"https:\/\/lahosteriaaqp.com\/en\/wp-json\/wp\/v2\/pages\/1882\/revisions"}],"predecessor-version":[{"id":7050,"href":"https:\/\/lahosteriaaqp.com\/en\/wp-json\/wp\/v2\/pages\/1882\/revisions\/7050"}],"wp:attachment":[{"href":"https:\/\/lahosteriaaqp.com\/en\/wp-json\/wp\/v2\/media?parent=1882"}],"curies":[{"name":"wp","href":"https:\/\/api.w.org\/{rel}","templated":true}]}}