{"id":340,"date":"2022-04-13T14:20:04","date_gmt":"2022-04-13T14:20:04","guid":{"rendered":"https:\/\/lahosteriaaqp.com\/?page_id=340"},"modified":"2025-09-17T21:16:28","modified_gmt":"2025-09-17T21:16:28","slug":"about-us","status":"publish","type":"page","link":"https:\/\/lahosteriaaqp.com\/en\/about-us\/","title":{"rendered":"About us"},"content":{"rendered":"<p>[et_pb_section fb_built=\u00bb1&#8243; _builder_version=\u00bb4.24.3&#8243; _module_preset=\u00bbdefault\u00bb background_image=\u00bbhttps:\/\/lahosteriaaqp.com\/wp-content\/uploads\/2024\/06\/banner-nosotros-RESPONSIVE.webp\u00bb module_alignment=\u00bbcenter\u00bb custom_padding=\u00bb0px||0px||true|false\u00bb custom_css_main_element=\u00bbheight:65vh;\u00bb da_disable_devices=\u00bboff|off|off\u00bb global_colors_info=\u00bb{}\u00bb da_is_popup=\u00bboff\u00bb da_exit_intent=\u00bboff\u00bb da_has_close=\u00bbon\u00bb da_alt_close=\u00bboff\u00bb da_dark_close=\u00bboff\u00bb da_not_modal=\u00bbon\u00bb da_is_singular=\u00bboff\u00bb da_with_loader=\u00bboff\u00bb da_has_shadow=\u00bbon\u00bb][et_pb_row use_custom_gutter=\u00bbon\u00bb make_equal=\u00bbon\u00bb _builder_version=\u00bb4.17.3&#8243; _module_preset=\u00bbdefault\u00bb background_color=\u00bbRGBA(255,255,255,0)\u00bb module_alignment=\u00bbcenter\u00bb custom_margin=\u00bb0px|auto|0px|-60px|true|false\u00bb custom_padding=\u00bb18%||||false|false\u00bb custom_css_main_element=\u00bbdisplay:flex;||align-items:center;||justify-content:center;||height:65vh;\u00bb global_colors_info=\u00bb{}\u00bb][et_pb_column type=\u00bb4_4&#8243; _builder_version=\u00bb4.17.0&#8243; _module_preset=\u00bbdefault\u00bb global_colors_info=\u00bb{}\u00bb][et_pb_text _builder_version=\u00bb4.18.0&#8243; _module_preset=\u00bbdefault\u00bb header_text_color=\u00bb#FFFFFF\u00bb header_font_size=\u00bb50px\u00bb header_font_size_tablet=\u00bb50px\u00bb header_font_size_phone=\u00bb44px\u00bb header_font_size_last_edited=\u00bbon|phone\u00bb global_colors_info=\u00bb{}\u00bb]<\/p>\n<h1 style=\"text-align: center;\">Us<\/h1>\n<p>[\/et_pb_text][\/et_pb_column][\/et_pb_row][\/et_pb_section][et_pb_section fb_built=\u00bb1&#8243; _builder_version=\u00bb4.24.3&#8243; _module_preset=\u00bbdefault\u00bb background_image=\u00bbhttps:\/\/lahosteriaaqp.com\/wp-content\/uploads\/2024\/06\/fondo_flor.webp\u00bb background_size=\u00bbcustom\u00bb background_image_width=\u00bb224px\u00bb background_position=\u00bbtop_left\u00bb custom_padding=\u00bb30px||11px||false|false\u00bb background_last_edited=\u00bbon|phone\u00bb background_enable_image_phone=\u00bboff\u00bb da_disable_devices=\u00bboff|off|off\u00bb global_colors_info=\u00bb{}\u00bb da_is_popup=\u00bboff\u00bb da_exit_intent=\u00bboff\u00bb da_has_close=\u00bbon\u00bb da_alt_close=\u00bboff\u00bb da_dark_close=\u00bboff\u00bb da_not_modal=\u00bbon\u00bb da_is_singular=\u00bboff\u00bb da_with_loader=\u00bboff\u00bb da_has_shadow=\u00bbon\u00bb][et_pb_row make_equal=\u00bbon\u00bb _builder_version=\u00bb4.17.0&#8243; _module_preset=\u00bbdefault\u00bb module_alignment=\u00bbcenter\u00bb custom_padding=\u00bb|6%||6%|false|true\u00bb global_colors_info=\u00bb{}\u00bb][et_pb_column type=\u00bb4_4&#8243; _builder_version=\u00bb4.17.0&#8243; _module_preset=\u00bbdefault\u00bb global_colors_info=\u00bb{}\u00bb][et_pb_text _builder_version=\u00bb4.18.0&#8243; _module_preset=\u00bbdefault\u00bb header_2_line_height=\u00bb1.3em\u00bb header_font_size_tablet=\u00bb\u00bb header_font_size_phone=\u00bb\u00bb header_font_size_last_edited=\u00bbon|phone\u00bb header_2_font_size_tablet=\u00bb\u00bb header_2_font_size_phone=\u00bb22px\u00bb header_2_font_size_last_edited=\u00bbon|phone\u00bb global_colors_info=\u00bb{}\u00bb]<\/p>\n<h2 class=\"nd_options_first_font\" style=\"text-align: center;\">Your dream boutique hotel in the heart of a historic city<\/h2>\n<p>[\/et_pb_text][et_pb_divider color=\u00bb#5c5c5c\u00bb divider_position=\u00bbcenter\u00bb divider_weight=\u00bb1px\u00bb _builder_version=\u00bb4.17.0&#8243; _module_preset=\u00bbdefault\u00bb background_enable_image=\u00bboff\u00bb width=\u00bb15%\u00bb module_alignment=\u00bbcenter\u00bb global_colors_info=\u00bb{}\u00bb][\/et_pb_divider][et_pb_text _builder_version=\u00bb4.18.0&#8243; _module_preset=\u00bbdefault\u00bb text_font_size=\u00bb14px\u00bb text_font_size_tablet=\u00bb14px\u00bb text_font_size_phone=\u00bb14px\u00bb text_font_size_last_edited=\u00bbon|phone\u00bb global_colors_info=\u00bb{}\u00bb]<\/p>\n<p class=\"nd_options_first_font\" style=\"text-align: center;\"><span>We are a charming colonial house, meticulously preserved and furnished with period furniture. We stand out for our warm environments, patios, pergolas, balconies and terraces full of flowers and color, as well as our cozy and carefully equipped rooms. For our team the most important thing is that you feel comfortable and at ease during your stay.<\/span><\/p>\n<p>[\/et_pb_text][et_pb_button button_url=\u00bbhttps:\/\/lahosteriaaqp.com\/wp-content\/uploads\/2022\/04\/2011.07.20-HISTORIA-DE-LA-HOSTERIA.pdf\u00bb url_new_window=\u00bbon\u00bb button_text=\u00bbQUIERO CONOCER LA HISTORIA\u00bb button_alignment=\u00bbcenter\u00bb _builder_version=\u00bb4.18.0&#8243; _module_preset=\u00bbdefault\u00bb custom_button=\u00bbon\u00bb button_text_color=\u00bb#c19b76&#8243; button_bg_color=\u00bb#FFFFFF\u00bb button_border_width=\u00bb1px\u00bb button_border_color=\u00bb#c19b76&#8243; button_use_icon=\u00bboff\u00bb global_colors_info=\u00bb{}\u00bb button_text_color__hover_enabled=\u00bbon|hover\u00bb button_text_color__hover=\u00bb#FFFFFF\u00bb button_bg_color__hover_enabled=\u00bbon|desktop\u00bb button_bg_color__hover=\u00bb#c19b76&#8243; button_bg_enable_color__hover=\u00bbon\u00bb][\/et_pb_button][\/et_pb_column][\/et_pb_row][\/et_pb_section][et_pb_section fb_built=\u00bb1&#8243; _builder_version=\u00bb4.24.3&#8243; _module_preset=\u00bbdefault\u00bb background_color=\u00bb#f9f9f9&#8243; background_image=\u00bbhttps:\/\/lahosteriaaqp.com\/wp-content\/uploads\/2024\/06\/prueba-2.webp\u00bb background_size=\u00bbcustom\u00bb background_image_width=\u00bb180px\u00bb background_position=\u00bbcenter_right\u00bb custom_padding=\u00bb20px||20px||true|false\u00bb background_last_edited=\u00bbon|phone\u00bb background_enable_image_phone=\u00bboff\u00bb da_disable_devices=\u00bboff|off|off\u00bb global_colors_info=\u00bb{}\u00bb da_is_popup=\u00bboff\u00bb da_exit_intent=\u00bboff\u00bb da_has_close=\u00bbon\u00bb da_alt_close=\u00bboff\u00bb da_dark_close=\u00bboff\u00bb da_not_modal=\u00bbon\u00bb da_is_singular=\u00bboff\u00bb da_with_loader=\u00bboff\u00bb da_has_shadow=\u00bbon\u00bb][et_pb_row column_structure=\u00bb1_2,1_2&#8243; use_custom_gutter=\u00bbon\u00bb gutter_width=\u00bb1&#8243; make_equal=\u00bbon\u00bb disabled_on=\u00bbon|on|off\u00bb _builder_version=\u00bb4.18.0&#8243; _module_preset=\u00bbdefault\u00bb custom_css_main_element=\u00bbdisplay:flex;||align-items:center;\u00bb global_colors_info=\u00bb{}\u00bb][et_pb_column type=\u00bb1_2&#8243; _builder_version=\u00bb4.17.0&#8243; _module_preset=\u00bbdefault\u00bb global_colors_info=\u00bb{}\u00bb][et_pb_image src=\u00bbhttps:\/\/lahosteriaaqp.com\/wp-content\/uploads\/2022\/04\/segundo-piso.jpg\u00bb title_text=\u00bbsegundo-piso\u00bb align=\u00bbcenter\u00bb force_fullwidth=\u00bbon\u00bb _builder_version=\u00bb4.17.0&#8243; _module_preset=\u00bbdefault\u00bb global_colors_info=\u00bb{}\u00bb][\/et_pb_image][\/et_pb_column][et_pb_column type=\u00bb1_2&#8243; _builder_version=\u00bb4.17.0&#8243; _module_preset=\u00bbdefault\u00bb custom_padding=\u00bb|4%||4%|false|true\u00bb global_colors_info=\u00bb{}\u00bb][et_pb_text _builder_version=\u00bb4.17.0&#8243; _module_preset=\u00bbdefault\u00bb text_font_size=\u00bb17px\u00bb custom_margin=\u00bb||10px||false|false\u00bb global_colors_info=\u00bb{}\u00bb]<\/p>\n<p class=\"nd_options_first_font\" style=\"text-align: center;\">Our boutique hotel invites guests to discover firsthand the culture and history of our beloved ancestral city.<\/p>\n<p>[\/et_pb_text][et_pb_divider color=\u00bb#5c5c5c\u00bb divider_position=\u00bbcenter\u00bb _builder_version=\u00bb4.17.0&#8243; _module_preset=\u00bbdefault\u00bb width=\u00bb20%\u00bb module_alignment=\u00bbcenter\u00bb custom_margin=\u00bb||10px||false|false\u00bb global_colors_info=\u00bb{}\u00bb][\/et_pb_divider][et_pb_text _builder_version=\u00bb4.17.0&#8243; _module_preset=\u00bbdefault\u00bb text_font_size=\u00bb17px\u00bb custom_margin=\u00bb0px||||false|false\u00bb global_colors_info=\u00bb{}\u00bb]<\/p>\n<p class=\"nd_options_first_font\" style=\"text-align: center;\">Legend has it that the cathedral was connected to other monuments through the subsoil and the Hoster\u00eda is one of them. Like this, there are many other curious and mysterious facts.<\/p>\n<p>[\/et_pb_text][\/et_pb_column][\/et_pb_row][et_pb_row use_custom_gutter=\u00bbon\u00bb gutter_width=\u00bb1&#8243; make_equal=\u00bbon\u00bb disabled_on=\u00bboff|off|on\u00bb _builder_version=\u00bb4.18.0&#8243; _module_preset=\u00bbdefault\u00bb custom_css_main_element=\u00bbdisplay:flex;||align-items:center;\u00bb global_colors_info=\u00bb{}\u00bb][et_pb_column type=\u00bb4_4&#8243; _builder_version=\u00bb4.17.0&#8243; _module_preset=\u00bbdefault\u00bb global_colors_info=\u00bb{}\u00bb][et_pb_image src=\u00bbhttps:\/\/lahosteriaaqp.com\/wp-content\/uploads\/2022\/04\/segundo-piso.jpg\u00bb title_text=\u00bbsegundo-piso\u00bb align=\u00bbcenter\u00bb force_fullwidth=\u00bbon\u00bb _builder_version=\u00bb4.17.0&#8243; _module_preset=\u00bbdefault\u00bb global_colors_info=\u00bb{}\u00bb][\/et_pb_image][et_pb_text _builder_version=\u00bb4.18.0&#8243; _module_preset=\u00bbdefault\u00bb text_font_size=\u00bb14px\u00bb custom_margin=\u00bb||10px||false|false\u00bb global_colors_info=\u00bb{}\u00bb]<\/p>\n<p class=\"nd_options_first_font\" style=\"text-align: center;\">\n<p class=\"nd_options_first_font\" style=\"text-align: center;\">Our boutique hotel invites guests to discover firsthand the culture and history of our beloved ancestral city.<\/p>\n<p>[\/et_pb_text][et_pb_divider color=\u00bb#5c5c5c\u00bb divider_position=\u00bbcenter\u00bb _builder_version=\u00bb4.17.0&#8243; _module_preset=\u00bbdefault\u00bb width=\u00bb20%\u00bb module_alignment=\u00bbcenter\u00bb custom_margin=\u00bb||10px||false|false\u00bb global_colors_info=\u00bb{}\u00bb][\/et_pb_divider][et_pb_text _builder_version=\u00bb4.18.0&#8243; _module_preset=\u00bbdefault\u00bb text_font_size=\u00bb14px\u00bb custom_margin=\u00bb0px||||false|false\u00bb global_colors_info=\u00bb{}\u00bb]<\/p>\n<p class=\"nd_options_first_font\" style=\"text-align: center;\">Legend has it that the cathedral was connected to other monuments through the subsoil and the Hoster\u00eda is one of them. Like this, there are many other curious and mysterious facts.<\/p>\n<p>[\/et_pb_text][et_pb_divider color=\u00bb#5c5c5c\u00bb divider_position=\u00bbcenter\u00bb _builder_version=\u00bb4.17.0&#8243; _module_preset=\u00bbdefault\u00bb width=\u00bb20%\u00bb module_alignment=\u00bbcenter\u00bb custom_margin=\u00bb||10px||false|false\u00bb global_colors_info=\u00bb{}\u00bb][\/et_pb_divider][\/et_pb_column][\/et_pb_row][\/et_pb_section][et_pb_section fb_built=\u00bb1&#8243; _builder_version=\u00bb4.17.0&#8243; _module_preset=\u00bbdefault\u00bb custom_padding=\u00bb10px||10px||false|false\u00bb da_disable_devices=\u00bboff|off|off\u00bb global_colors_info=\u00bb{}\u00bb da_is_popup=\u00bboff\u00bb da_exit_intent=\u00bboff\u00bb da_has_close=\u00bbon\u00bb da_alt_close=\u00bboff\u00bb da_dark_close=\u00bboff\u00bb da_not_modal=\u00bbon\u00bb da_is_singular=\u00bboff\u00bb da_with_loader=\u00bboff\u00bb da_has_shadow=\u00bbon\u00bb][et_pb_row _builder_version=\u00bb4.17.0&#8243; _module_preset=\u00bbdefault\u00bb global_colors_info=\u00bb{}\u00bb][et_pb_column type=\u00bb4_4&#8243; _builder_version=\u00bb4.17.0&#8243; _module_preset=\u00bbdefault\u00bb global_colors_info=\u00bb{}\u00bb][et_pb_text _builder_version=\u00bb4.18.0&#8243; _module_preset=\u00bbdefault\u00bb header_2_font_size_tablet=\u00bb\u00bb header_2_font_size_phone=\u00bb24px\u00bb header_2_font_size_last_edited=\u00bbon|phone\u00bb global_colors_info=\u00bb{}\u00bb]<\/p>\n<h2 class=\"nd_options_font_size_40_important_all_iphone nd_options_line_height_40_important_all_iphone nd_options_first_font\">Privileged location<\/h2>\n<p>[\/et_pb_text][et_pb_text _builder_version=\u00bb4.18.0&#8243; _module_preset=\u00bbdefault\u00bb text_font_size_tablet=\u00bb\u00bb text_font_size_phone=\u00bb12px\u00bb text_font_size_last_edited=\u00bbon|phone\u00bb global_colors_info=\u00bb{}\u00bb]<\/p>\n<p class=\"nd_options_first_font\">We have a perfect location in the center of the city, four blocks from the main square, close to restaurants and tourist sites of interest such as museums and small squares. Across the street is the famous Santa Catalina Monastery.<\/p>\n<p>[\/et_pb_text][\/et_pb_column][\/et_pb_row][et_pb_row column_structure=\u00bb3_4,1_4&#8243; use_custom_gutter=\u00bbon\u00bb gutter_width=\u00bb1&#8243; make_equal=\u00bbon\u00bb disabled_on=\u00bbon|on|off\u00bb _builder_version=\u00bb4.18.0&#8243; _module_preset=\u00bbdefault\u00bb custom_css_main_element=\u00bbdisplay:flex;||align-items:center;\u00bb locked=\u00bboff\u00bb global_colors_info=\u00bb{}\u00bb][et_pb_column type=\u00bb3_4&#8243; _builder_version=\u00bb4.17.0&#8243; _module_preset=\u00bbdefault\u00bb custom_padding=\u00bb0px|0px|0px|0px|false|false\u00bb global_colors_info=\u00bb{}\u00bb][et_pb_image src=\u00bbhttps:\/\/lahosteriaaqp.com\/wp-content\/uploads\/2022\/04\/mapa-nuevo.jpg\u00bb title_text=\u00bbmapa-nuevo\u00bb align=\u00bbcenter\u00bb force_fullwidth=\u00bbon\u00bb _builder_version=\u00bb4.17.0&#8243; _module_preset=\u00bbdefault\u00bb global_colors_info=\u00bb{}\u00bb][\/et_pb_image][\/et_pb_column][et_pb_column type=\u00bb1_4&#8243; _builder_version=\u00bb4.17.0&#8243; _module_preset=\u00bbdefault\u00bb global_colors_info=\u00bb{}\u00bb][et_pb_text _builder_version=\u00bb4.17.0&#8243; _module_preset=\u00bbdefault\u00bb text_font=\u00bb||||||||\u00bb custom_margin=\u00bb|3%||8%|false|false\u00bb global_colors_info=\u00bb{}\u00bb]<\/p>\n<p><span style=\"display: flex; align-items: center;\"><img decoding=\"async\" src=\"https:\/\/lahosteriaaqp.com\/wp-content\/uploads\/2022\/04\/boleto.svg\" width=\"undefined\" height=\"undefined\" alt=\"\" class=\"wp-image-253 alignnone size-medium\" style=\"margin-right: 5%;\" \/>Tourist sites of interest such as museums and squares.<\/span><\/p>\n<p>[\/et_pb_text][et_pb_divider color=\u00bb#bd9b75&#8243; divider_position=\u00bbcenter\u00bb _builder_version=\u00bb4.17.0&#8243; _module_preset=\u00bbdefault\u00bb background_color=\u00bbRGBA(255,255,255,0)\u00bb custom_margin=\u00bb5%||5%||true|false\u00bb border_color_all=\u00bb#E02B20&#8243; global_colors_info=\u00bb{}\u00bb][\/et_pb_divider][et_pb_text _builder_version=\u00bb4.17.3&#8243; _module_preset=\u00bbdefault\u00bb custom_margin=\u00bb|3%||8%|false|false\u00bb global_colors_info=\u00bb{}\u00bb]<\/p>\n<p><span style=\"display: flex; align-items: center;\"><img decoding=\"async\" src=\"https:\/\/lahosteriaaqp.com\/wp-content\/uploads\/2022\/04\/restaurant.svg\" width=\"undefined\" height=\"undefined\" alt=\"\" class=\"wp-image-255 alignnone size-medium\" style=\"margin-right: 5%;\" \/><span>Variety of restaurants in the area.<\/span><br \/><\/span><\/p>\n<p>[\/et_pb_text][et_pb_divider color=\u00bb#bd9b75&#8243; divider_position=\u00bbcenter\u00bb _builder_version=\u00bb4.17.0&#8243; _module_preset=\u00bbdefault\u00bb background_color=\u00bbRGBA(255,255,255,0)\u00bb custom_margin=\u00bb5%||5%||true|false\u00bb border_color_all=\u00bb#E02B20&#8243; global_colors_info=\u00bb{}\u00bb][\/et_pb_divider][et_pb_text _builder_version=\u00bb4.17.3&#8243; _module_preset=\u00bbdefault\u00bb custom_margin=\u00bb|3%||8%|false|false\u00bb global_colors_info=\u00bb{}\u00bb]<\/p>\n<p><span style=\"display: flex; align-items: center;\"><img decoding=\"async\" src=\"https:\/\/lahosteriaaqp.com\/wp-content\/uploads\/2022\/04\/igleasia.svg\" width=\"undefined\" height=\"undefined\" alt=\"\" class=\"wp-image-254 alignnone size-medium\" style=\"margin-right: 5%;\" \/><span>We are located a few steps from the main square.<\/span><br \/><\/span><\/p>\n<p>[\/et_pb_text][et_pb_divider color=\u00bb#bd9b75&#8243; divider_position=\u00bbcenter\u00bb _builder_version=\u00bb4.17.0&#8243; _module_preset=\u00bbdefault\u00bb background_color=\u00bbRGBA(255,255,255,0)\u00bb custom_margin=\u00bb5%||5%||true|false\u00bb border_color_all=\u00bb#E02B20&#8243; global_colors_info=\u00bb{}\u00bb][\/et_pb_divider][\/et_pb_column][\/et_pb_row][et_pb_row use_custom_gutter=\u00bbon\u00bb gutter_width=\u00bb1&#8243; make_equal=\u00bbon\u00bb disabled_on=\u00bboff|off|on\u00bb _builder_version=\u00bb4.18.0&#8243; _module_preset=\u00bbdefault\u00bb custom_css_main_element=\u00bbdisplay:flex;||align-items:center;\u00bb locked=\u00bboff\u00bb global_colors_info=\u00bb{}\u00bb][et_pb_column type=\u00bb4_4&#8243; _builder_version=\u00bb4.17.0&#8243; _module_preset=\u00bbdefault\u00bb custom_padding=\u00bb0px|0px|0px|0px|false|false\u00bb global_colors_info=\u00bb{}\u00bb][et_pb_image src=\u00bbhttps:\/\/lahosteriaaqp.com\/wp-content\/uploads\/2022\/04\/mapa-nuevo.jpg\u00bb title_text=\u00bbmapa-nuevo\u00bb align=\u00bbcenter\u00bb force_fullwidth=\u00bbon\u00bb _builder_version=\u00bb4.17.0&#8243; _module_preset=\u00bbdefault\u00bb global_colors_info=\u00bb{}\u00bb][\/et_pb_image][et_pb_text _builder_version=\u00bb4.18.0&#8243; _module_preset=\u00bbdefault\u00bb text_font=\u00bb||||||||\u00bb text_font_size=\u00bb13px\u00bb custom_margin=\u00bb|3%||8%|false|false\u00bb global_colors_info=\u00bb{}\u00bb]<\/p>\n<p><span style=\"display: flex; align-items: center;\"><img decoding=\"async\" src=\"https:\/\/lahosteriaaqp.com\/wp-content\/uploads\/2022\/04\/boleto.svg\" width=\"undefined\" height=\"undefined\" alt=\"\" class=\"wp-image-253 alignnone size-medium\" style=\"margin-right: 5%;\" \/>Tourist sites of interest such as museums and squares.<\/span><\/p>\n<p>[\/et_pb_text][et_pb_divider color=\u00bb#bd9b75&#8243; divider_position=\u00bbcenter\u00bb _builder_version=\u00bb4.17.0&#8243; _module_preset=\u00bbdefault\u00bb background_color=\u00bbRGBA(255,255,255,0)\u00bb custom_margin=\u00bb5%||5%||true|false\u00bb border_color_all=\u00bb#E02B20&#8243; global_colors_info=\u00bb{}\u00bb][\/et_pb_divider][et_pb_text _builder_version=\u00bb4.18.0&#8243; _module_preset=\u00bbdefault\u00bb text_font_size=\u00bb13px\u00bb custom_margin=\u00bb|3%||8%|false|false\u00bb global_colors_info=\u00bb{}\u00bb]<\/p>\n<p><span style=\"display: flex; align-items: center;\"><img decoding=\"async\" src=\"https:\/\/lahosteriaaqp.com\/wp-content\/uploads\/2022\/04\/restaurant.svg\" width=\"undefined\" height=\"undefined\" alt=\"\" class=\"wp-image-255 alignnone size-medium\" style=\"margin-right: 5%;\" \/><span>Variety of restaurants in the area.<\/span><br \/><\/span><\/p>\n<p>[\/et_pb_text][et_pb_divider color=\u00bb#bd9b75&#8243; divider_position=\u00bbcenter\u00bb _builder_version=\u00bb4.17.0&#8243; _module_preset=\u00bbdefault\u00bb background_color=\u00bbRGBA(255,255,255,0)\u00bb custom_margin=\u00bb5%||5%||true|false\u00bb border_color_all=\u00bb#E02B20&#8243; global_colors_info=\u00bb{}\u00bb][\/et_pb_divider][et_pb_text _builder_version=\u00bb4.18.0&#8243; _module_preset=\u00bbdefault\u00bb text_font_size=\u00bb13px\u00bb custom_margin=\u00bb|3%||8%|false|false\u00bb global_colors_info=\u00bb{}\u00bb]<\/p>\n<p><span style=\"display: flex; align-items: center;\"><img decoding=\"async\" src=\"https:\/\/lahosteriaaqp.com\/wp-content\/uploads\/2022\/04\/igleasia.svg\" width=\"undefined\" height=\"undefined\" alt=\"\" class=\"wp-image-254 alignnone size-medium\" style=\"margin-right: 5%;\" \/><span>We are located a few steps from the main square.<\/span><br \/><\/span><\/p>\n<p>[\/et_pb_text][et_pb_divider color=\u00bb#bd9b75&#8243; divider_position=\u00bbcenter\u00bb _builder_version=\u00bb4.17.0&#8243; _module_preset=\u00bbdefault\u00bb background_color=\u00bbRGBA(255,255,255,0)\u00bb custom_margin=\u00bb5%||5%||true|false\u00bb border_color_all=\u00bb#E02B20&#8243; global_colors_info=\u00bb{}\u00bb][\/et_pb_divider][\/et_pb_column][\/et_pb_row][et_pb_row column_structure=\u00bb1_3,1_3,1_3&#8243; _builder_version=\u00bb4.17.0&#8243; _module_preset=\u00bbdefault\u00bb global_colors_info=\u00bb{}\u00bb][et_pb_column type=\u00bb1_3&#8243; _builder_version=\u00bb4.17.0&#8243; _module_preset=\u00bbdefault\u00bb background_color=\u00bb#c19b76&#8243; custom_padding=\u00bb1%|2%|1%|2%|true|true\u00bb global_colors_info=\u00bb{}\u00bb][et_pb_text _builder_version=\u00bb4.18.0&#8243; _module_preset=\u00bbdefault\u00bb text_text_color=\u00bb#FFFFFF\u00bb global_colors_info=\u00bb{}\u00bb]<\/p>\n<p class=\"nd_options_first_font\" style=\"text-align: center;\">Tel\u00e9fono: 054 \u2013 289269 \/ 054- 369293<br \/>Whatsapp: +51 953372468<\/p>\n<p>[\/et_pb_text][\/et_pb_column][et_pb_column type=\u00bb1_3&#8243; _builder_version=\u00bb4.17.0&#8243; _module_preset=\u00bbdefault\u00bb background_color=\u00bb#c19b76&#8243; custom_padding=\u00bb1%|2%|1%|2%|true|true\u00bb global_colors_info=\u00bb{}\u00bb][et_pb_text _builder_version=\u00bb4.17.0&#8243; _module_preset=\u00bbdefault\u00bb text_text_color=\u00bb#FFFFFF\u00bb global_colors_info=\u00bb{}\u00bb]<\/p>\n<p class=\"nd_options_first_font\" style=\"text-align: center;\">Email:<br \/>reservas@lahosteriaqp.com.pe<\/p>\n<p>[\/et_pb_text][\/et_pb_column][et_pb_column type=\u00bb1_3&#8243; _builder_version=\u00bb4.17.0&#8243; _module_preset=\u00bbdefault\u00bb background_color=\u00bb#c19b76&#8243; custom_padding=\u00bb1%|2%|1%|2%|true|true\u00bb global_colors_info=\u00bb{}\u00bb][et_pb_text _builder_version=\u00bb4.17.0&#8243; _module_preset=\u00bbdefault\u00bb text_text_color=\u00bb#FFFFFF\u00bb global_colors_info=\u00bb{}\u00bb]<\/p>\n<p class=\"nd_options_first_font\" style=\"text-align: center;\">Address: Calle Bolivar 405<br \/>Cercado, Arequipa.<\/p>\n<p>[\/et_pb_text][\/et_pb_column][\/et_pb_row][\/et_pb_section][et_pb_section fb_built=\u00bb1&#8243; _builder_version=\u00bb4.17.3&#8243; _module_preset=\u00bbdefault\u00bb custom_padding=\u00bb30px|0px|30px|0px|true|true\u00bb da_disable_devices=\u00bboff|off|off\u00bb global_colors_info=\u00bb{}\u00bb da_is_popup=\u00bboff\u00bb da_exit_intent=\u00bboff\u00bb da_has_close=\u00bbon\u00bb da_alt_close=\u00bboff\u00bb da_dark_close=\u00bboff\u00bb da_not_modal=\u00bbon\u00bb da_is_singular=\u00bboff\u00bb da_with_loader=\u00bboff\u00bb da_has_shadow=\u00bbon\u00bb][et_pb_row use_custom_gutter=\u00bbon\u00bb gutter_width=\u00bb1&#8243; make_equal=\u00bbon\u00bb _builder_version=\u00bb4.18.0&#8243; _module_preset=\u00bbdefault\u00bb width=\u00bb100%\u00bb max_width=\u00bb100%\u00bb module_alignment=\u00bbcenter\u00bb custom_margin=\u00bb0px|0px|0px|0px|true|true\u00bb custom_padding=\u00bb0px|0px|0px|0px|true|true\u00bb global_colors_info=\u00bb{}\u00bb][et_pb_column type=\u00bb4_4&#8243; _builder_version=\u00bb4.17.0&#8243; _module_preset=\u00bbdefault\u00bb global_colors_info=\u00bb{}\u00bb][et_pb_video src=\u00bbhttps:\/\/lahosteriaaqp.com\/wp-content\/uploads\/2022\/04\/La-Hosteria-Fix-light.mp4&#8243; image_src=\u00bbhttps:\/\/lahosteriaaqp.com\/wp-content\/uploads\/2024\/06\/foto-video-1.webp\u00bb _builder_version=\u00bb4.24.3&#8243; _module_preset=\u00bbdefault\u00bb custom_margin=\u00bb0px|0px|0px|0px|true|true\u00bb custom_padding=\u00bb0px|0px|0px|0px|true|true\u00bb global_colors_info=\u00bb{}\u00bb][\/et_pb_video][\/et_pb_column][\/et_pb_row][\/et_pb_section]<\/p>","protected":false},"excerpt":{"rendered":"<p>NosotrosTu hotel boutique de ensue\u00f1o en pleno coraz\u00f3n de una ciudad hist\u00f3ricaSomos una encantadora casona colonial, minuciosamente conservada y acondicionada con mobiliario de la \u00e9poca. Destacamos por nuestros c\u00e1lidos ambientes, patios, p\u00e9rgolas, balcones y terrazas llenas de flores y color, as\u00ed como nuestras habitaciones acogedoras y esmeradamente equipadas. Para nuestro equipo lo m\u00e1s importante es [&hellip;]<\/p>","protected":false},"author":1,"featured_media":0,"parent":0,"menu_order":0,"comment_status":"closed","ping_status":"closed","template":"","meta":{"_et_pb_use_builder":"on","_et_pb_old_content":"","_et_gb_content_width":"","footnotes":""},"class_list":["post-340","page","type-page","status-publish","hentry"],"_links":{"self":[{"href":"https:\/\/lahosteriaaqp.com\/en\/wp-json\/wp\/v2\/pages\/340","targetHints":{"allow":["GET"]}}],"collection":[{"href":"https:\/\/lahosteriaaqp.com\/en\/wp-json\/wp\/v2\/pages"}],"about":[{"href":"https:\/\/lahosteriaaqp.com\/en\/wp-json\/wp\/v2\/types\/page"}],"author":[{"embeddable":true,"href":"https:\/\/lahosteriaaqp.com\/en\/wp-json\/wp\/v2\/users\/1"}],"replies":[{"embeddable":true,"href":"https:\/\/lahosteriaaqp.com\/en\/wp-json\/wp\/v2\/comments?post=340"}],"version-history":[{"count":10,"href":"https:\/\/lahosteriaaqp.com\/en\/wp-json\/wp\/v2\/pages\/340\/revisions"}],"predecessor-version":[{"id":7049,"href":"https:\/\/lahosteriaaqp.com\/en\/wp-json\/wp\/v2\/pages\/340\/revisions\/7049"}],"wp:attachment":[{"href":"https:\/\/lahosteriaaqp.com\/en\/wp-json\/wp\/v2\/media?parent=340"}],"curies":[{"name":"wp","href":"https:\/\/api.w.org\/{rel}","templated":true}]}}