{"id":476,"date":"2022-04-18T17:58:01","date_gmt":"2022-04-18T17:58:01","guid":{"rendered":"https:\/\/lahosteriaaqp.com\/?page_id=476"},"modified":"2025-10-22T14:54:07","modified_gmt":"2025-10-22T14:54:07","slug":"masajes","status":"publish","type":"page","link":"https:\/\/lahosteriaaqp.com\/en\/masajes\/","title":{"rendered":"Massages"},"content":{"rendered":"<p>[et_pb_section fb_built=\u00bb1&#8243; _builder_version=\u00bb4.17.3&#8243; _module_preset=\u00bbdefault\u00bb background_image=\u00bbhttps:\/\/lahosteriaaqp.com\/wp-content\/uploads\/2022\/04\/banner-principal-1.jpg\u00bb custom_padding=\u00bb0px||0px||true|false\u00bb custom_css_main_element=\u00bbheight:65vh;\u00bb da_disable_devices=\u00bboff|off|off\u00bb locked=\u00bboff\u00bb global_colors_info=\u00bb{}\u00bb da_is_popup=\u00bboff\u00bb da_exit_intent=\u00bboff\u00bb da_has_close=\u00bbon\u00bb da_alt_close=\u00bboff\u00bb da_dark_close=\u00bboff\u00bb da_not_modal=\u00bbon\u00bb da_is_singular=\u00bboff\u00bb da_with_loader=\u00bboff\u00bb da_has_shadow=\u00bbon\u00bb][et_pb_row use_custom_gutter=\u00bbon\u00bb make_equal=\u00bbon\u00bb _builder_version=\u00bb4.17.3&#8243; _module_preset=\u00bbdefault\u00bb custom_margin=\u00bb0px||0px||true|false\u00bb custom_padding=\u00bb18%||||false|false\u00bb custom_css_main_element=\u00bbdisplay:flex;||align-items:center;||height:65vh;\u00bb global_colors_info=\u00bb{}\u00bb][et_pb_column type=\u00bb4_4&#8243; _builder_version=\u00bb4.17.0&#8243; _module_preset=\u00bbdefault\u00bb global_colors_info=\u00bb{}\u00bb][et_pb_text _builder_version=\u00bb4.18.0&#8243; _module_preset=\u00bbdefault\u00bb header_text_color=\u00bb#FFFFFF\u00bb header_font_size=\u00bb50px\u00bb header_font_size_tablet=\u00bb50px\u00bb header_font_size_phone=\u00bb38px\u00bb header_font_size_last_edited=\u00bbon|phone\u00bb global_colors_info=\u00bb{}\u00bb]<\/p>\n<h1 class=\"title-sections nd_options_first_font\" style=\"text-align: center;\">Relaxing massages and Andean therapies<\/h1>\n<p>[\/et_pb_text][\/et_pb_column][\/et_pb_row][\/et_pb_section][et_pb_section fb_built=\u00bb1&#8243; _builder_version=\u00bb4.17.0&#8243; _module_preset=\u00bbdefault\u00bb custom_padding=\u00bb9px||9px||true|false\u00bb da_disable_devices=\u00bboff|off|off\u00bb global_colors_info=\u00bb{}\u00bb da_is_popup=\u00bboff\u00bb da_exit_intent=\u00bboff\u00bb da_has_close=\u00bbon\u00bb da_alt_close=\u00bboff\u00bb da_dark_close=\u00bboff\u00bb da_not_modal=\u00bbon\u00bb da_is_singular=\u00bboff\u00bb da_with_loader=\u00bboff\u00bb da_has_shadow=\u00bbon\u00bb][et_pb_row _builder_version=\u00bb4.17.0&#8243; _module_preset=\u00bbdefault\u00bb global_colors_info=\u00bb{}\u00bb][et_pb_column type=\u00bb4_4&#8243; _builder_version=\u00bb4.17.0&#8243; _module_preset=\u00bbdefault\u00bb global_colors_info=\u00bb{}\u00bb][et_pb_divider color=\u00bb#5c5c5c\u00bb divider_position=\u00bbcenter\u00bb _builder_version=\u00bb4.17.0&#8243; _module_preset=\u00bbdefault\u00bb width=\u00bb15%\u00bb module_alignment=\u00bbcenter\u00bb global_colors_info=\u00bb{}\u00bb][\/et_pb_divider][et_pb_text _builder_version=\u00bb4.18.0&#8243; _module_preset=\u00bbdefault\u00bb custom_margin=\u00bb|20%||20%|false|true\u00bb custom_margin_tablet=\u00bb|20%||20%|false|true\u00bb custom_margin_phone=\u00bb|0%||0%|false|true\u00bb custom_margin_last_edited=\u00bbon|phone\u00bb global_colors_info=\u00bb{}\u00bb]<\/p>\n<p style=\"text-align: center;\">Choose one of our massages<br \/>Take advantage of the possibility to combine our sauna treatments with the Roman baths inside our spa. Let yourself be carried away by the sensory experience of relaxation with our natural essences designed to soothe mind, body and soul.<br \/>Advance reservations are required, space is limited. All massages include 60 minutes of Spa.<\/p>\n<p style=\"text-align: center;\"><strong>* Reservations are required.<\/strong><\/p>\n<p>[\/et_pb_text][\/et_pb_column][\/et_pb_row][\/et_pb_section][et_pb_section fb_built=\u00bb1&#8243; _builder_version=\u00bb4.17.0&#8243; _module_preset=\u00bbdefault\u00bb background_color=\u00bb#f9f9f9&#8243; custom_padding=\u00bb15px||15px||true|false\u00bb da_disable_devices=\u00bboff|off|off\u00bb global_colors_info=\u00bb{}\u00bb da_is_popup=\u00bboff\u00bb da_exit_intent=\u00bboff\u00bb da_has_close=\u00bbon\u00bb da_alt_close=\u00bboff\u00bb da_dark_close=\u00bboff\u00bb da_not_modal=\u00bbon\u00bb da_is_singular=\u00bboff\u00bb da_with_loader=\u00bboff\u00bb da_has_shadow=\u00bbon\u00bb][et_pb_row column_structure=\u00bb1_3,1_3,1_3&#8243; use_custom_gutter=\u00bbon\u00bb gutter_width=\u00bb2&#8243; make_equal=\u00bbon\u00bb _builder_version=\u00bb4.17.3&#8243; _module_preset=\u00bbdefault\u00bb animation_style=\u00bbslide\u00bb animation_direction=\u00bbbottom\u00bb global_colors_info=\u00bb{}\u00bb][et_pb_column type=\u00bb1_3&#8243; _builder_version=\u00bb4.17.0&#8243; _module_preset=\u00bbdefault\u00bb global_colors_info=\u00bb{}\u00bb][dsm_card title=\u00bbMasaje relajante\u00bb image=\u00bbhttps:\/\/lahosteriaaqp.com\/wp-content\/uploads\/2022\/04\/masaje-relajante.jpg\u00bb content_padding=\u00bb20px|20px|20px|20px|false|false\u00bb button_url_new_window=\u00bb1&#8243; content_padding_tablet=\u00bb20px||||false|false\u00bb content_padding_phone=\u00bb24px||||false|false\u00bb content_padding_last_edited=\u00bbon|phone\u00bb _builder_version=\u00bb4.18.0&#8243; _module_preset=\u00bbdefault\u00bb header_text_align=\u00bbcenter\u00bb header_line_height=\u00bb0em\u00bb background_color=\u00bb#FFFFFF\u00bb global_colors_info=\u00bb{}\u00bb]<\/p>\n<div class=\"wpb_text_column wpb_content_element  vc_custom_1633914339182 paragraph-sections\">\n<div class=\"wpb_wrapper\">\n<p style=\"text-align: center;\">____<\/p>\n<p style=\"text-align: center;\">Immerse yourself in a world of relaxation and wellness.<\/p>\n<\/div>\n<\/div>\n<p>[\/dsm_card][\/et_pb_column][et_pb_column type=\u00bb1_3&#8243; _builder_version=\u00bb4.17.0&#8243; _module_preset=\u00bbdefault\u00bb global_colors_info=\u00bb{}\u00bb][dsm_card title=\u00bbMasaje Tejido profundo\u00bb image=\u00bbhttps:\/\/lahosteriaaqp.com\/wp-content\/uploads\/2022\/04\/masaje-tejido-profundo.jpg\u00bb content_padding=\u00bb20px|20px|20px|20px|false|false\u00bb button_url_new_window=\u00bb1&#8243; content_padding_tablet=\u00bb20px|20px|20px|20px|false|false\u00bb content_padding_phone=\u00bb24px||||false|false\u00bb content_padding_last_edited=\u00bbon|desktop\u00bb _builder_version=\u00bb4.18.0&#8243; _module_preset=\u00bbdefault\u00bb header_text_align=\u00bbcenter\u00bb header_line_height=\u00bb0em\u00bb background_color=\u00bb#FFFFFF\u00bb global_colors_info=\u00bb{}\u00bb]<\/p>\n<div class=\"wpb_text_column wpb_content_element  vc_custom_1633914339182 paragraph-sections\">\n<div class=\"wpb_wrapper\">\n<p style=\"text-align: center;\">____<\/p>\n<div class=\"wpb_text_column wpb_content_element  vc_custom_1633914206789 paragraph-sections\">\n<div class=\"wpb_wrapper\">\n<p style=\"text-align: center;\">Relieves fatigue and tension, balancing the deep layers of the muscles.<\/p>\n<\/div>\n<\/div>\n<\/div>\n<\/div>\n<p>[\/dsm_card][\/et_pb_column][et_pb_column type=\u00bb1_3&#8243; _builder_version=\u00bb4.17.0&#8243; _module_preset=\u00bbdefault\u00bb global_colors_info=\u00bb{}\u00bb][dsm_card title=\u00bbMasaje piedras calientes\u00bb image=\u00bbhttps:\/\/lahosteriaaqp.com\/wp-content\/uploads\/2022\/04\/masaje-piedras-calientes.jpg\u00bb button_url_new_window=\u00bb1&#8243; content_padding_tablet=\u00bb\u00bb content_padding_phone=\u00bb24px|20px|20px|20px|false|false\u00bb content_padding_last_edited=\u00bbon|tablet\u00bb _builder_version=\u00bb4.18.0&#8243; _module_preset=\u00bbdefault\u00bb header_text_align=\u00bbcenter\u00bb header_line_height=\u00bb0em\u00bb background_color=\u00bb#FFFFFF\u00bb global_colors_info=\u00bb{}\u00bb]<\/p>\n<div class=\"wpb_text_column wpb_content_element  vc_custom_1633914339182 paragraph-sections\">\n<div class=\"wpb_wrapper\">\n<p style=\"text-align: center;\">____<\/p>\n<div class=\"wpb_text_column wpb_content_element  vc_custom_1633914296830 paragraph-sections\">\n<div class=\"wpb_wrapper\">\n<p style=\"text-align: center;\">A sublime massage with hot stones that will transport you to a state of peace and tranquility, releasing accumulated tension.<\/p>\n<\/div>\n<\/div>\n<\/div>\n<\/div>\n<p>[\/dsm_card][\/et_pb_column][\/et_pb_row][et_pb_row column_structure=\u00bb1_3,1_3,1_3&#8243; use_custom_gutter=\u00bbon\u00bb gutter_width=\u00bb2&#8243; make_equal=\u00bbon\u00bb _builder_version=\u00bb4.17.3&#8243; _module_preset=\u00bbdefault\u00bb animation_style=\u00bbslide\u00bb animation_direction=\u00bbbottom\u00bb global_colors_info=\u00bb{}\u00bb][et_pb_column type=\u00bb1_3&#8243; _builder_version=\u00bb4.17.0&#8243; _module_preset=\u00bbdefault\u00bb global_colors_info=\u00bb{}\u00bb][dsm_card title=\u00bbReflexolog\u00eda (pies y piernas)\u00bb image=\u00bbhttps:\/\/lahosteriaaqp.com\/wp-content\/uploads\/2022\/04\/reflexologia.jpg\u00bb button_url_new_window=\u00bb1&#8243; content_padding_tablet=\u00bb\u00bb content_padding_phone=\u00bb24px||||false|false\u00bb content_padding_last_edited=\u00bbon|phone\u00bb _builder_version=\u00bb4.18.0&#8243; _module_preset=\u00bbdefault\u00bb header_text_align=\u00bbcenter\u00bb header_line_height=\u00bb0em\u00bb background_color=\u00bb#FFFFFF\u00bb global_colors_info=\u00bb{}\u00bb]<\/p>\n<div class=\"wpb_text_column wpb_content_element  vc_custom_1633914339182 paragraph-sections\">\n<div class=\"wpb_wrapper\">\n<p style=\"text-align: center;\">____<\/p>\n<div class=\"wpb_text_column wpb_content_element  vc_custom_1633914704235 paragraph-sections\">\n<div class=\"wpb_wrapper\">\n<p style=\"text-align: center;\">Una manera eficaz para aliviar el estr\u00e9s, as\u00ed como dolores en distintas partes del cuerpo activando los \u00f3rganos.<\/p>\n<\/div>\n<\/div>\n<\/div>\n<\/div>\n<p>[\/dsm_card][\/et_pb_column][et_pb_column type=\u00bb1_3&#8243; _builder_version=\u00bb4.17.0&#8243; _module_preset=\u00bbdefault\u00bb global_colors_info=\u00bb{}\u00bb][dsm_card title=\u00bbMasaje andino\u00bb image=\u00bbhttps:\/\/lahosteriaaqp.com\/wp-content\/uploads\/2022\/04\/masaje-andino.jpg\u00bb button_url_new_window=\u00bb1&#8243; content_padding_tablet=\u00bb\u00bb content_padding_phone=\u00bb24px|20px|20px|20px|false|false\u00bb content_padding_last_edited=\u00bbon|phone\u00bb _builder_version=\u00bb4.18.0&#8243; _module_preset=\u00bbdefault\u00bb header_text_align=\u00bbcenter\u00bb header_line_height=\u00bb0em\u00bb background_color=\u00bb#FFFFFF\u00bb global_colors_info=\u00bb{}\u00bb]<\/p>\n<div class=\"wpb_text_column wpb_content_element  vc_custom_1633914339182 paragraph-sections\">\n<div class=\"wpb_wrapper\">\n<p style=\"text-align: center;\">____<\/p>\n<div class=\"wpb_text_column wpb_content_element  vc_custom_1633914595641 paragraph-sections\">\n<div class=\"wpb_wrapper\">\n<p style=\"text-align: center;\">Relieves fatigue and tension, balancing the deep layers of the muscles.<\/p>\n<\/div>\n<\/div>\n<\/div>\n<\/div>\n<p>[\/dsm_card][\/et_pb_column][et_pb_column type=\u00bb1_3&#8243; _builder_version=\u00bb4.17.0&#8243; _module_preset=\u00bbdefault\u00bb global_colors_info=\u00bb{}\u00bb][dsm_card title=\u00bbAromaterapia\u00bb image=\u00bbhttps:\/\/lahosteriaaqp.com\/wp-content\/uploads\/2022\/04\/aromaterapia.jpg\u00bb button_url_new_window=\u00bb1&#8243; content_padding_tablet=\u00bb\u00bb content_padding_phone=\u00bb24px|20px|20px|20px|false|false\u00bb content_padding_last_edited=\u00bbon|phone\u00bb _builder_version=\u00bb4.18.0&#8243; _module_preset=\u00bbdefault\u00bb header_text_align=\u00bbcenter\u00bb header_line_height=\u00bb0em\u00bb background_color=\u00bb#FFFFFF\u00bb global_colors_info=\u00bb{}\u00bb]<\/p>\n<div class=\"wpb_text_column wpb_content_element  vc_custom_1633914339182 paragraph-sections\">\n<div class=\"wpb_wrapper\">\n<p style=\"text-align: center;\">____<\/p>\n<div class=\"wpb_text_column wpb_content_element  vc_custom_1633914660955 paragraph-sections\">\n<div class=\"wpb_wrapper\">\n<p style=\"text-align: center;\">The art or science of using aromatic essences naturally extracted from plants to balance, harmonize and promote the health of body, mind and spirit.<\/p>\n<\/div>\n<\/div>\n<\/div>\n<\/div>\n<p>[\/dsm_card][\/et_pb_column][\/et_pb_row][\/et_pb_section][et_pb_section fb_built=\u00bb1&#8243; _builder_version=\u00bb4.17.3&#8243; _module_preset=\u00bbdefault\u00bb background_image=\u00bbhttps:\/\/lahosteriaaqp.com\/wp-content\/uploads\/2022\/04\/geranio-sin-fondo.png\u00bb background_size=\u00bbcustom\u00bb background_image_width=\u00bb168px\u00bb background_image_height=\u00bb0%\u00bb background_position=\u00bbbottom_left\u00bb background_horizontal_offset=\u00bb8%\u00bb background_vertical_offset=\u00bb-8%\u00bb custom_padding=\u00bb30px||0px||false|false\u00bb da_disable_devices=\u00bboff|off|off\u00bb border_color_bottom=\u00bb#aaaaaa\u00bb locked=\u00bboff\u00bb global_colors_info=\u00bb{}\u00bb da_is_popup=\u00bboff\u00bb da_exit_intent=\u00bboff\u00bb da_has_close=\u00bbon\u00bb da_alt_close=\u00bboff\u00bb da_dark_close=\u00bboff\u00bb da_not_modal=\u00bbon\u00bb da_is_singular=\u00bboff\u00bb da_with_loader=\u00bboff\u00bb da_has_shadow=\u00bbon\u00bb][et_pb_row column_structure=\u00bb1_2,1_2&#8243; use_custom_gutter=\u00bbon\u00bb gutter_width=\u00bb4&#8243; make_equal=\u00bbon\u00bb _builder_version=\u00bb4.17.0&#8243; _module_preset=\u00bbdefault\u00bb module_alignment=\u00bbcenter\u00bb custom_padding=\u00bb|10%||10%|false|true\u00bb global_colors_info=\u00bb{}\u00bb][et_pb_column type=\u00bb1_2&#8243; _builder_version=\u00bb4.17.0&#8243; _module_preset=\u00bbdefault\u00bb global_colors_info=\u00bb{}\u00bb][et_pb_text _builder_version=\u00bb4.18.0&#8243; _module_preset=\u00bbdefault\u00bb header_3_line_height=\u00bb1.5em\u00bb header_3_font_size_tablet=\u00bb\u00bb header_3_font_size_phone=\u00bb16px\u00bb header_3_font_size_last_edited=\u00bbon|desktop\u00bb global_colors_info=\u00bb{}\u00bb]<\/p>\n<h3 class=\"paragraph-contacto nd_options_first_font\">Please contact us for booking inquiries or for more information about our services.<\/h3>\n<p>[\/et_pb_text][\/et_pb_column][et_pb_column type=\u00bb1_2&#8243; _builder_version=\u00bb4.17.0&#8243; _module_preset=\u00bbdefault\u00bb global_colors_info=\u00bb{}\u00bb][et_pb_contact_form captcha=\u00bboff\u00bb _builder_version=\u00bb4.27.0&#8243; _module_preset=\u00bbdefault\u00bb _unique_id=\u00bb0ccc4fda-e42a-48b2-9557-f41b2121f509&#8243; form_field_background_color=\u00bb#FFFFFF\u00bb custom_button=\u00bbon\u00bb button_icon=\u00bb&#x35;||divi||400&#8243; button_icon_placement=\u00bbleft\u00bb hover_enabled=\u00bb0&#8243; border_width_all=\u00bb1px\u00bb border_color_all=\u00bb#c19b76&#8243; global_colors_info=\u00bb{}\u00bb title=\u00bbInformacion sobre nuestros servicios\u00bb email=\u00bbreservas@lahosteriaqp.com.pe\u00bb sticky_enabled=\u00bb0&#8243;][et_pb_contact_field field_id=\u00bbName\u00bb field_title=\u00bbNombre\u00bb fullwidth_field=\u00bbon\u00bb _builder_version=\u00bb4.17.0&#8243; global_colors_info=\u00bb{}\u00bb button_text_size__hover_enabled=\u00bboff\u00bb button_one_text_size__hover_enabled=\u00bboff\u00bb button_two_text_size__hover_enabled=\u00bboff\u00bb button_text_color__hover_enabled=\u00bboff\u00bb button_one_text_color__hover_enabled=\u00bboff\u00bb button_two_text_color__hover_enabled=\u00bboff\u00bb button_border_width__hover_enabled=\u00bboff\u00bb button_one_border_width__hover_enabled=\u00bboff\u00bb button_two_border_width__hover_enabled=\u00bboff\u00bb button_border_color__hover_enabled=\u00bboff\u00bb button_one_border_color__hover_enabled=\u00bboff\u00bb button_two_border_color__hover_enabled=\u00bboff\u00bb button_border_radius__hover_enabled=\u00bboff\u00bb button_one_border_radius__hover_enabled=\u00bboff\u00bb button_two_border_radius__hover_enabled=\u00bboff\u00bb button_letter_spacing__hover_enabled=\u00bboff\u00bb button_one_letter_spacing__hover_enabled=\u00bboff\u00bb button_two_letter_spacing__hover_enabled=\u00bboff\u00bb button_bg_color__hover_enabled=\u00bboff\u00bb button_one_bg_color__hover_enabled=\u00bboff\u00bb button_two_bg_color__hover_enabled=\u00bboff\u00bb][\/et_pb_contact_field][et_pb_contact_field field_id=\u00bbTel\u00e9fono\u00bb field_title=\u00bbTel\u00e9fono\u00bb fullwidth_field=\u00bbon\u00bb _builder_version=\u00bb4.17.0&#8243; _module_preset=\u00bbdefault\u00bb global_colors_info=\u00bb{}\u00bb][\/et_pb_contact_field][et_pb_contact_field field_id=\u00bbEmail\u00bb field_title=\u00bbDirecci\u00f3n de correo electr\u00f3nico\u00bb field_type=\u00bbemail\u00bb fullwidth_field=\u00bbon\u00bb _builder_version=\u00bb4.17.0&#8243; global_colors_info=\u00bb{}\u00bb button_text_size__hover_enabled=\u00bboff\u00bb button_one_text_size__hover_enabled=\u00bboff\u00bb button_two_text_size__hover_enabled=\u00bboff\u00bb button_text_color__hover_enabled=\u00bboff\u00bb button_one_text_color__hover_enabled=\u00bboff\u00bb button_two_text_color__hover_enabled=\u00bboff\u00bb button_border_width__hover_enabled=\u00bboff\u00bb button_one_border_width__hover_enabled=\u00bboff\u00bb button_two_border_width__hover_enabled=\u00bboff\u00bb button_border_color__hover_enabled=\u00bboff\u00bb button_one_border_color__hover_enabled=\u00bboff\u00bb button_two_border_color__hover_enabled=\u00bboff\u00bb button_border_radius__hover_enabled=\u00bboff\u00bb button_one_border_radius__hover_enabled=\u00bboff\u00bb button_two_border_radius__hover_enabled=\u00bboff\u00bb button_letter_spacing__hover_enabled=\u00bboff\u00bb button_one_letter_spacing__hover_enabled=\u00bboff\u00bb button_two_letter_spacing__hover_enabled=\u00bboff\u00bb button_bg_color__hover_enabled=\u00bboff\u00bb button_one_bg_color__hover_enabled=\u00bboff\u00bb button_two_bg_color__hover_enabled=\u00bboff\u00bb][\/et_pb_contact_field][et_pb_contact_field field_id=\u00bbMessage\u00bb field_title=\u00bbMensaje\u00bb field_type=\u00bbtext\u00bb fullwidth_field=\u00bbon\u00bb _builder_version=\u00bb4.16&#8243; global_colors_info=\u00bb{}\u00bb button_text_size__hover_enabled=\u00bboff\u00bb button_one_text_size__hover_enabled=\u00bboff\u00bb button_two_text_size__hover_enabled=\u00bboff\u00bb button_text_color__hover_enabled=\u00bboff\u00bb button_one_text_color__hover_enabled=\u00bboff\u00bb button_two_text_color__hover_enabled=\u00bboff\u00bb button_border_width__hover_enabled=\u00bboff\u00bb button_one_border_width__hover_enabled=\u00bboff\u00bb button_two_border_width__hover_enabled=\u00bboff\u00bb button_border_color__hover_enabled=\u00bboff\u00bb button_one_border_color__hover_enabled=\u00bboff\u00bb button_two_border_color__hover_enabled=\u00bboff\u00bb button_border_radius__hover_enabled=\u00bboff\u00bb button_one_border_radius__hover_enabled=\u00bboff\u00bb button_two_border_radius__hover_enabled=\u00bboff\u00bb button_letter_spacing__hover_enabled=\u00bboff\u00bb button_one_letter_spacing__hover_enabled=\u00bboff\u00bb button_two_letter_spacing__hover_enabled=\u00bboff\u00bb button_bg_color__hover_enabled=\u00bboff\u00bb button_one_bg_color__hover_enabled=\u00bboff\u00bb button_two_bg_color__hover_enabled=\u00bboff\u00bb][\/et_pb_contact_field][\/et_pb_contact_form][\/et_pb_column][\/et_pb_row][\/et_pb_section]<\/p>","protected":false},"excerpt":{"rendered":"<p>Masajes relajantes y terapias andinasEscoja uno de nuestros masajesAproveche la posibilidad de combinar nuestros tratamientos de sauna con los ba\u00f1os romanos dentro de nuestro spa. D\u00e9jese llevar por la experiencia sensorial de relajaci\u00f3n con nuestras esencias naturales destinadas a calmar mente, cuerpo y alma.Es necesario reservar con anticipaci\u00f3n, el cupo es limitado. Todos los masajes [&hellip;]<\/p>","protected":false},"author":1,"featured_media":0,"parent":0,"menu_order":0,"comment_status":"closed","ping_status":"closed","template":"","meta":{"_et_pb_use_builder":"on","_et_pb_old_content":"","_et_gb_content_width":"","footnotes":""},"class_list":["post-476","page","type-page","status-publish","hentry"],"_links":{"self":[{"href":"https:\/\/lahosteriaaqp.com\/en\/wp-json\/wp\/v2\/pages\/476","targetHints":{"allow":["GET"]}}],"collection":[{"href":"https:\/\/lahosteriaaqp.com\/en\/wp-json\/wp\/v2\/pages"}],"about":[{"href":"https:\/\/lahosteriaaqp.com\/en\/wp-json\/wp\/v2\/types\/page"}],"author":[{"embeddable":true,"href":"https:\/\/lahosteriaaqp.com\/en\/wp-json\/wp\/v2\/users\/1"}],"replies":[{"embeddable":true,"href":"https:\/\/lahosteriaaqp.com\/en\/wp-json\/wp\/v2\/comments?post=476"}],"version-history":[{"count":6,"href":"https:\/\/lahosteriaaqp.com\/en\/wp-json\/wp\/v2\/pages\/476\/revisions"}],"predecessor-version":[{"id":7056,"href":"https:\/\/lahosteriaaqp.com\/en\/wp-json\/wp\/v2\/pages\/476\/revisions\/7056"}],"wp:attachment":[{"href":"https:\/\/lahosteriaaqp.com\/en\/wp-json\/wp\/v2\/media?parent=476"}],"curies":[{"name":"wp","href":"https:\/\/api.w.org\/{rel}","templated":true}]}}